{"id":3409,"date":"2023-07-30T19:46:28","date_gmt":"2023-07-30T19:46:28","guid":{"rendered":"https:\/\/albertolopesnews.com.br\/radio\/?page_id=3409"},"modified":"2023-08-14T15:06:53","modified_gmt":"2023-08-14T15:06:53","slug":"sobre","status":"publish","type":"page","link":"https:\/\/albertolopesnews.com.br\/radio\/sobre\/","title":{"rendered":"Sobre"},"content":{"rendered":"\t\t<div data-elementor-type=\"wp-page\" data-elementor-id=\"3409\" class=\"elementor elementor-3409\" data-elementor-post-type=\"page\">\n\t\t\t\t\t\t\t\t\t<section class=\"elementor-section elementor-top-section elementor-element elementor-element-dabfe94 elementor-section-boxed elementor-section-height-default elementor-section-height-default\" data-id=\"dabfe94\" data-element_type=\"section\">\n\t\t\t\t\t\t<div class=\"elementor-container elementor-column-gap-default\">\n\t\t\t\t\t<div class=\"elementor-column elementor-col-100 elementor-top-column elementor-element elementor-element-98c3431\" data-id=\"98c3431\" data-element_type=\"column\">\n\t\t\t<div class=\"elementor-widget-wrap elementor-element-populated\">\n\t\t\t\t\t\t\t\t<div class=\"elementor-element elementor-element-b828940 elementor-widget elementor-widget-heading\" data-id=\"b828940\" data-element_type=\"widget\" data-widget_type=\"heading.default\">\n\t\t\t\t<div class=\"elementor-widget-container\">\n\t\t\t<style>\/*! elementor - v3.15.0 - 31-07-2023 *\/\n.elementor-heading-title{padding:0;margin:0;line-height:1}.elementor-widget-heading .elementor-heading-title[class*=elementor-size-]>a{color:inherit;font-size:inherit;line-height:inherit}.elementor-widget-heading .elementor-heading-title.elementor-size-small{font-size:15px}.elementor-widget-heading .elementor-heading-title.elementor-size-medium{font-size:19px}.elementor-widget-heading .elementor-heading-title.elementor-size-large{font-size:29px}.elementor-widget-heading .elementor-heading-title.elementor-size-xl{font-size:39px}.elementor-widget-heading .elementor-heading-title.elementor-size-xxl{font-size:59px}<\/style><h2 class=\"elementor-heading-title elementor-size-default\">Sobre a nossa r\u00e1dio<\/h2>\t\t<\/div>\n\t\t\t\t<\/div>\n\t\t\t\t\t<\/div>\n\t\t<\/div>\n\t\t\t\t\t\t\t<\/div>\n\t\t<\/section>\n\t\t\t\t<section class=\"elementor-section elementor-top-section elementor-element elementor-element-849d918 elementor-section-boxed elementor-section-height-default elementor-section-height-default\" data-id=\"849d918\" data-element_type=\"section\">\n\t\t\t\t\t\t<div class=\"elementor-container elementor-column-gap-default\">\n\t\t\t\t\t<div class=\"elementor-column elementor-col-100 elementor-top-column elementor-element elementor-element-57b49fe\" data-id=\"57b49fe\" data-element_type=\"column\">\n\t\t\t<div class=\"elementor-widget-wrap elementor-element-populated\">\n\t\t\t\t\t\t\t\t<div class=\"elementor-element elementor-element-e55fcdb elementor-widget elementor-widget-text-editor\" data-id=\"e55fcdb\" data-element_type=\"widget\" data-widget_type=\"text-editor.default\">\n\t\t\t\t<div class=\"elementor-widget-container\">\n\t\t\t<style>\/*! elementor - v3.15.0 - 31-07-2023 *\/\n.elementor-widget-text-editor.elementor-drop-cap-view-stacked .elementor-drop-cap{background-color:#69727d;color:#fff}.elementor-widget-text-editor.elementor-drop-cap-view-framed .elementor-drop-cap{color:#69727d;border:3px solid;background-color:transparent}.elementor-widget-text-editor:not(.elementor-drop-cap-view-default) .elementor-drop-cap{margin-top:8px}.elementor-widget-text-editor:not(.elementor-drop-cap-view-default) .elementor-drop-cap-letter{width:1em;height:1em}.elementor-widget-text-editor .elementor-drop-cap{float:left;text-align:center;line-height:1;font-size:50px}.elementor-widget-text-editor .elementor-drop-cap-letter{display:inline-block}<\/style>\t\t\t\t<p>Aqui na Nossa R\u00e1dio Online, a m\u00fasica est\u00e1 no centro das nossas vidas. Sintonize e desfrute da melhor sele\u00e7\u00e3o musical 24 horas por dia, 7 dias por semana. Nossos DJs apaixonados trabalham incansavelmente para trazer a voc\u00ea as \u00faltimas e mais emocionantes faixas de diversos g\u00eaneros musicais.<\/p><p>N\u00e3o perca tempo e mergulhe na nossa transmiss\u00e3o de \u00e1udio de alta qualidade. Aprecie a m\u00fasica, descubra novos artistas e deixe nossas batidas envolverem seus sentidos.<\/p><p>Fique ligado em nossa programa\u00e7\u00e3o para n\u00e3o perder as suas m\u00fasicas favoritas.<\/p><p>Queremos ouvir voc\u00ea! Tem alguma m\u00fasica especial que deseja dedicar a algu\u00e9m ou alguma sugest\u00e3o para aprimorar a nossa r\u00e1dio? Entre em contato conosco pelo WhatsApp: 77 98157-1498<\/p><p>Sua opini\u00e3o \u00e9 fundamental para tornar nossa r\u00e1dio ainda melhor.<\/p><p>Agradecemos por nos escolher como sua companhia musical. Divirta-se e compartilhe a Nossa R\u00e1dio Online com todos os seus amigos!<\/p><p>Siga-nos nas redes sociais.<\/p>\t\t\t\t\t\t<\/div>\n\t\t\t\t<\/div>\n\t\t\t\t\t<\/div>\n\t\t<\/div>\n\t\t\t\t\t\t\t<\/div>\n\t\t<\/section>\n\t\t\t\t\t\t\t<\/div>\n\t\t","protected":false},"excerpt":{"rendered":"<p>Sobre a nossa r\u00e1dio Aqui na Nossa R\u00e1dio Online, a m\u00fasica est\u00e1 no centro das nossas vidas. Sintonize e desfrute da melhor sele\u00e7\u00e3o musical 24 horas por dia, 7 dias por semana. Nossos DJs apaixonados trabalham incansavelmente para trazer a voc\u00ea as \u00faltimas e mais emocionantes faixas de diversos g\u00eaneros musicais. N\u00e3o perca tempo e [&hellip;]<\/p>\n","protected":false},"author":1,"featured_media":0,"parent":0,"menu_order":0,"comment_status":"closed","ping_status":"closed","template":"","meta":{"footnotes":""},"class_list":["post-3409","page","type-page","status-publish","hentry"],"_links":{"self":[{"href":"https:\/\/albertolopesnews.com.br\/radio\/wp-json\/wp\/v2\/pages\/3409","targetHints":{"allow":["GET"]}}],"collection":[{"href":"https:\/\/albertolopesnews.com.br\/radio\/wp-json\/wp\/v2\/pages"}],"about":[{"href":"https:\/\/albertolopesnews.com.br\/radio\/wp-json\/wp\/v2\/types\/page"}],"author":[{"embeddable":true,"href":"https:\/\/albertolopesnews.com.br\/radio\/wp-json\/wp\/v2\/users\/1"}],"replies":[{"embeddable":true,"href":"https:\/\/albertolopesnews.com.br\/radio\/wp-json\/wp\/v2\/comments?post=3409"}],"version-history":[{"count":13,"href":"https:\/\/albertolopesnews.com.br\/radio\/wp-json\/wp\/v2\/pages\/3409\/revisions"}],"predecessor-version":[{"id":3607,"href":"https:\/\/albertolopesnews.com.br\/radio\/wp-json\/wp\/v2\/pages\/3409\/revisions\/3607"}],"wp:attachment":[{"href":"https:\/\/albertolopesnews.com.br\/radio\/wp-json\/wp\/v2\/media?parent=3409"}],"curies":[{"name":"wp","href":"https:\/\/api.w.org\/{rel}","templated":true}]}}